{"id":25,"date":"2018-03-07T08:23:49","date_gmt":"2018-03-07T07:23:49","guid":{"rendered":"http:\/\/metall-restaurierung.art\/?page_id=25"},"modified":"2018-12-01T06:42:55","modified_gmt":"2018-12-01T05:42:55","slug":"startseite","status":"publish","type":"page","link":"https:\/\/metall-restaurierung.art\/","title":{"rendered":"Leistungen"},"content":{"rendered":"<p>Restaurierung und Konservierung von Metallobjekten aus:<\/p>\n<ul>\n<li>Buntmetallen und deren Legierungen wie Kupfer, Bronze, Messing, Zinn, Zink, Blei<\/li>\n<li>Edelmetallen (Silber und Gold) und<\/li>\n<li>Eisenwerkstoffen (Schmiedeeisen, Gusseisen, Stahl, Edelstahl).<\/li>\n<\/ul>\n<p>Diese Aufgaben umfassen:<\/p>\n<ul>\n<li>Reinigung,<\/li>\n<li>Stabilisierung und Festigung<\/li>\n<li>Konservierung,<\/li>\n<li>Erg\u00e4nzungen,<\/li>\n<li>Oberfl\u00e4chenrekonstruktionen und auch<\/li>\n<li>Wiederherstellung von Funktionen<\/li>\n<\/ul>\n<p>Die Palette von Objekten umfasst:<\/p>\n<ul>\n<li>Schmuckst\u00fccken,<\/li>\n<li>Lithurgische, technische und private Ger\u00e4tschaften,<\/li>\n<li>Private Kunstobjekte,<\/li>\n<li>Klein- und Gro\u00dfdenkm\u00e4ler,<\/li>\n<li>Glocken, Ziffernbl\u00e4tter, Gro\u00dfuhrwerke,<\/li>\n<li>Z\u00e4une, T\u00fcren, Schl\u00f6sser,<\/li>\n<li>Stahl- Glaskonstruktionen,<\/li>\n<li>Bodenfundst\u00fccke aus Metall,<\/li>\n<li>Befundungen und Aufnahmen historischer Anlagen und \u2013 Objekte<\/li>\n<li>Schadens- und Ma\u00dfnahmenbeschreibung.<\/li>\n<\/ul>\n<p>Die meisten der hier dargestellten Leistungen k\u00f6nnen von mir pers\u00f6nlich erbracht werden. In der Rubrik <strong>Abbildungen &#8211; Restaurierungen&nbsp;<\/strong>auf dieser Internetseite finden Sie hierzu einige Beispiele. Bei besonderen Aufgabenstellungen oder auch gr\u00f6\u00dferen Projekten wird die Leistungserbringung durch ein Netzwerk von spezialisierten Handwerksbetrieben und Berufskollegen optimiert.<\/p>\n","protected":false},"excerpt":{"rendered":"<p>Restaurierung und Konservierung von Metallobjekten aus: Buntmetallen und deren Legierungen wie Kupfer, Bronze, Messing, Zinn, Zink, Blei Edelmetallen (Silber und Gold) und Eisenwerkstoffen (Schmiedeeisen, Gusseisen, Stahl, Edelstahl). Diese Aufgaben umfassen: Reinigung, Stabilisierung und Festigung Konservierung, Erg\u00e4nzungen, Oberfl\u00e4chenrekonstruktionen und auch Wiederherstellung von Funktionen Die Palette von Objekten umfasst: Schmuckst\u00fccken, Lithurgische, technische und private Ger\u00e4tschaften, Private Kunstobjekte, [&hellip;]<\/p>\n","protected":false},"author":1,"featured_media":0,"parent":0,"menu_order":0,"comment_status":"closed","ping_status":"closed","template":"","meta":{"footnotes":""},"_links":{"self":[{"href":"https:\/\/metall-restaurierung.art\/index.php\/wp-json\/wp\/v2\/pages\/25"}],"collection":[{"href":"https:\/\/metall-restaurierung.art\/index.php\/wp-json\/wp\/v2\/pages"}],"about":[{"href":"https:\/\/metall-restaurierung.art\/index.php\/wp-json\/wp\/v2\/types\/page"}],"author":[{"embeddable":true,"href":"https:\/\/metall-restaurierung.art\/index.php\/wp-json\/wp\/v2\/users\/1"}],"replies":[{"embeddable":true,"href":"https:\/\/metall-restaurierung.art\/index.php\/wp-json\/wp\/v2\/comments?post=25"}],"version-history":[{"count":22,"href":"https:\/\/metall-restaurierung.art\/index.php\/wp-json\/wp\/v2\/pages\/25\/revisions"}],"predecessor-version":[{"id":198,"href":"https:\/\/metall-restaurierung.art\/index.php\/wp-json\/wp\/v2\/pages\/25\/revisions\/198"}],"wp:attachment":[{"href":"https:\/\/metall-restaurierung.art\/index.php\/wp-json\/wp\/v2\/media?parent=25"}],"curies":[{"name":"wp","href":"https:\/\/api.w.org\/{rel}","templated":true}]}}